{"id":2251,"date":"2025-02-05T17:51:25","date_gmt":"2025-02-05T17:51:25","guid":{"rendered":"https:\/\/casianet.com\/servicios\/?post_type=product&#038;p=2251"},"modified":"2025-05-23T16:50:47","modified_gmt":"2025-05-23T16:50:47","slug":"reparacion-basica-2","status":"publish","type":"product","link":"https:\/\/casianet.com\/servicios\/producto\/reparacion-basica-2\/","title":{"rendered":"Reparaci\u00f3n B\u00e1sica"},"content":{"rendered":"<p>Es importante tener en cuenta que, para realizar la reparaci\u00f3n o sustituci\u00f3n de componentes, es necesario desarmar los equipos, lo que puede alterar su estado f\u00edsico original. Por lo tanto si no se autoriza ning\u00fan trabajo, el equipo no podr\u00e1 quedar en las mismas condiciones f\u00edsicas original. Asimismo las reparaciones autorizadas pueden implicar que el equipo no conserve su estado f\u00edsico original debido a la manipulaci\u00f3n necesaria durante el proceso de reparaci\u00f3n.<\/p>\n","protected":false},"excerpt":{"rendered":"<p><strong>Servicio Para:<\/strong><\/p>\n<ul>\n<li>Cabezal Canon<\/li>\n<li>Inyectores Epson<\/li>\n<li>Purgar los tubos de tinta<\/li>\n<\/ul>\n<p><strong>Nota<\/strong>:<\/p>\n<ul>\n<li>El costo es por servicio, no incluye los 3 servicios en un solo cobro.<\/li>\n<li>No incluye desarme completo del equipo<\/li>\n<li>No incluye costo de visita<\/li>\n<\/ul>\n","protected":false},"featured_media":2086,"template":"","meta":[],"product_brand":[],"product_cat":[23],"product_tag":[],"class_list":{"0":"post-2251","1":"product","2":"type-product","3":"status-publish","4":"has-post-thumbnail","6":"product_cat-impresoras","8":"first","9":"instock","10":"product-type-external"},"jetpack_sharing_enabled":true,"_links":{"self":[{"href":"https:\/\/casianet.com\/servicios\/wp-json\/wp\/v2\/product\/2251","targetHints":{"allow":["GET"]}}],"collection":[{"href":"https:\/\/casianet.com\/servicios\/wp-json\/wp\/v2\/product"}],"about":[{"href":"https:\/\/casianet.com\/servicios\/wp-json\/wp\/v2\/types\/product"}],"wp:featuredmedia":[{"embeddable":true,"href":"https:\/\/casianet.com\/servicios\/wp-json\/wp\/v2\/media\/2086"}],"wp:attachment":[{"href":"https:\/\/casianet.com\/servicios\/wp-json\/wp\/v2\/media?parent=2251"}],"wp:term":[{"taxonomy":"product_brand","embeddable":true,"href":"https:\/\/casianet.com\/servicios\/wp-json\/wp\/v2\/product_brand?post=2251"},{"taxonomy":"product_cat","embeddable":true,"href":"https:\/\/casianet.com\/servicios\/wp-json\/wp\/v2\/product_cat?post=2251"},{"taxonomy":"product_tag","embeddable":true,"href":"https:\/\/casianet.com\/servicios\/wp-json\/wp\/v2\/product_tag?post=2251"}],"curies":[{"name":"wp","href":"https:\/\/api.w.org\/{rel}","templated":true}]}}