{"id":2110,"date":"2024-05-31T18:25:56","date_gmt":"2024-05-31T18:25:56","guid":{"rendered":"https:\/\/casianet.com\/servicios\/?post_type=product&#038;p=2110"},"modified":"2025-11-14T16:34:56","modified_gmt":"2025-11-14T16:34:56","slug":"reserva-de-diagnostico","status":"publish","type":"product","link":"https:\/\/casianet.com\/servicios\/producto\/reserva-de-diagnostico\/","title":{"rendered":"Prioridad de Diagn\u00f3stico"},"content":{"rendered":"","protected":false},"excerpt":{"rendered":"<p>&nbsp;<\/p>\n<p>\u00a1No pierdas ni un segundo m\u00e1s!<\/p>\n<p>Obt\u00e9n el diagn\u00f3stico que necesitas para tu computadora de manera r\u00e1pida y sin contratiempos<\/p>\n<p><strong>IMPORTANTE:<\/strong><\/p>\n<p>El diagn\u00f3stico es preliminar, errores o fallas profundas se le notificara al cliente.<\/p>\n<p>&nbsp;<\/p>\n","protected":false},"featured_media":2111,"template":"","meta":[],"product_brand":[],"product_cat":[95],"product_tag":[],"class_list":{"0":"post-2110","1":"product","2":"type-product","3":"status-publish","4":"has-post-thumbnail","6":"product_cat-reserva","8":"first","9":"instock","10":"taxable","11":"shipping-taxable","12":"product-type-external"},"jetpack_sharing_enabled":true,"_links":{"self":[{"href":"https:\/\/casianet.com\/servicios\/wp-json\/wp\/v2\/product\/2110","targetHints":{"allow":["GET"]}}],"collection":[{"href":"https:\/\/casianet.com\/servicios\/wp-json\/wp\/v2\/product"}],"about":[{"href":"https:\/\/casianet.com\/servicios\/wp-json\/wp\/v2\/types\/product"}],"wp:featuredmedia":[{"embeddable":true,"href":"https:\/\/casianet.com\/servicios\/wp-json\/wp\/v2\/media\/2111"}],"wp:attachment":[{"href":"https:\/\/casianet.com\/servicios\/wp-json\/wp\/v2\/media?parent=2110"}],"wp:term":[{"taxonomy":"product_brand","embeddable":true,"href":"https:\/\/casianet.com\/servicios\/wp-json\/wp\/v2\/product_brand?post=2110"},{"taxonomy":"product_cat","embeddable":true,"href":"https:\/\/casianet.com\/servicios\/wp-json\/wp\/v2\/product_cat?post=2110"},{"taxonomy":"product_tag","embeddable":true,"href":"https:\/\/casianet.com\/servicios\/wp-json\/wp\/v2\/product_tag?post=2110"}],"curies":[{"name":"wp","href":"https:\/\/api.w.org\/{rel}","templated":true}]}}