{"id":2046,"date":"2024-05-28T15:34:08","date_gmt":"2024-05-28T15:34:08","guid":{"rendered":"https:\/\/casianet.com\/servicios\/?post_type=product&#038;p=2046"},"modified":"2024-08-06T22:05:37","modified_gmt":"2024-08-06T22:05:37","slug":"repuestos-5","status":"publish","type":"product","link":"https:\/\/casianet.com\/servicios\/producto\/repuestos-5\/","title":{"rendered":"Repuestos"},"content":{"rendered":"<p>Durante el proceso de desensamblaje e instalaci\u00f3n de un repuesto, el estado f\u00edsico del equipo puede verse comprometido. En algunos casos, los ensamblajes no pueden quedar exactamente como de f\u00e1brica, ya que existen componentes espec\u00edficos que originalmente fueron ensamblados con maquinaria especializada y exclusiva de las f\u00e1bricas.<\/p>\n","protected":false},"excerpt":{"rendered":"<ul>\n<li>Bater\u00edas<\/li>\n<li>Cargadores<\/li>\n<li>Teclados para laptop<\/li>\n<li>Pantalla para laptop<\/li>\n<li>Jack de corriente<\/li>\n<li>Flex para pantalla<\/li>\n<li>Ventiladores internos para laptop<\/li>\n<\/ul>\n<p>&nbsp;<\/p>\n<h5>Repuestos espec\u00edficos:<\/h5>\n<ul>\n<li>Tarjeta madre<\/li>\n<li>Bot\u00f3n de encendido<\/li>\n<li>Bocinas internas<\/li>\n<li>Bottom case<\/li>\n<li>Palmrest<\/li>\n<li>Lcd cover<\/li>\n<li>Marco de pantalla<\/li>\n<li>Juego de bisagras<\/li>\n<\/ul>\n<h5 class=\"LC20lb MBeuO DKV0Md\">Datos obligatorios para verificar precio exacto y existencia:<\/h5>\n<ul>\n<li>Foto del modelo y n\u00famero de serie de la laptop (sticker)<\/li>\n<li>Fotos del n\u00famero de parte del repuesto (si no cuenta con este dato, se debe de ingresar a taller para diagn\u00f3stico)<\/li>\n<li>Foto del repuesto a cotizar<\/li>\n<\/ul>\n","protected":false},"featured_media":2097,"template":"","meta":[],"product_brand":[],"product_cat":[47],"product_tag":[],"class_list":{"0":"post-2046","1":"product","2":"type-product","3":"status-publish","4":"has-post-thumbnail","6":"product_cat-servicios-mac","8":"first","9":"instock","10":"taxable","11":"shipping-taxable","12":"product-type-external"},"jetpack_sharing_enabled":true,"_links":{"self":[{"href":"https:\/\/casianet.com\/servicios\/wp-json\/wp\/v2\/product\/2046","targetHints":{"allow":["GET"]}}],"collection":[{"href":"https:\/\/casianet.com\/servicios\/wp-json\/wp\/v2\/product"}],"about":[{"href":"https:\/\/casianet.com\/servicios\/wp-json\/wp\/v2\/types\/product"}],"wp:featuredmedia":[{"embeddable":true,"href":"https:\/\/casianet.com\/servicios\/wp-json\/wp\/v2\/media\/2097"}],"wp:attachment":[{"href":"https:\/\/casianet.com\/servicios\/wp-json\/wp\/v2\/media?parent=2046"}],"wp:term":[{"taxonomy":"product_brand","embeddable":true,"href":"https:\/\/casianet.com\/servicios\/wp-json\/wp\/v2\/product_brand?post=2046"},{"taxonomy":"product_cat","embeddable":true,"href":"https:\/\/casianet.com\/servicios\/wp-json\/wp\/v2\/product_cat?post=2046"},{"taxonomy":"product_tag","embeddable":true,"href":"https:\/\/casianet.com\/servicios\/wp-json\/wp\/v2\/product_tag?post=2046"}],"curies":[{"name":"wp","href":"https:\/\/api.w.org\/{rel}","templated":true}]}}