{"id":2034,"date":"2024-05-27T21:06:01","date_gmt":"2024-05-27T21:06:01","guid":{"rendered":"https:\/\/casianet.com\/servicios\/?post_type=product&#038;p=2034"},"modified":"2025-06-18T21:25:55","modified_gmt":"2025-06-18T21:25:55","slug":"reparacion-6","status":"publish","type":"product","link":"https:\/\/casianet.com\/servicios\/producto\/reparacion-6\/","title":{"rendered":"Reparaci\u00f3n"},"content":{"rendered":"","protected":false},"excerpt":{"rendered":"<p><strong>Hardware:<\/strong><\/p>\n<ul>\n<li><strong><span style=\"color: #ff0000;\">Q 385.00\u00a0<\/span><\/strong><\/li>\n<\/ul>\n<ul>\n<li>Est\u00e1tica<\/li>\n<li>Reflow<\/li>\n<li>Bisagras<\/li>\n<li>Case<\/li>\n<li>Pantalla<\/li>\n<li>Puerto USB<\/li>\n<li>Teclado<\/li>\n<\/ul>\n<p><strong>Software:<\/strong><\/p>\n<ul>\n<li><strong><span style=\"color: #ff0000;\">Q 165.00\u00a0<\/span><\/strong><\/li>\n<\/ul>\n<p>NOTA: El servicio es v\u00e1lido \u00fanicamente para trabajos espec\u00edficos.<\/p>\n","protected":false},"featured_media":2073,"template":"","meta":[],"product_brand":[],"product_cat":[26],"product_tag":[],"class_list":{"0":"post-2034","1":"product","2":"type-product","3":"status-publish","4":"has-post-thumbnail","6":"product_cat-computadoras-gamer","8":"first","9":"instock","10":"taxable","11":"shipping-taxable","12":"product-type-external"},"jetpack_sharing_enabled":true,"_links":{"self":[{"href":"https:\/\/casianet.com\/servicios\/wp-json\/wp\/v2\/product\/2034","targetHints":{"allow":["GET"]}}],"collection":[{"href":"https:\/\/casianet.com\/servicios\/wp-json\/wp\/v2\/product"}],"about":[{"href":"https:\/\/casianet.com\/servicios\/wp-json\/wp\/v2\/types\/product"}],"wp:featuredmedia":[{"embeddable":true,"href":"https:\/\/casianet.com\/servicios\/wp-json\/wp\/v2\/media\/2073"}],"wp:attachment":[{"href":"https:\/\/casianet.com\/servicios\/wp-json\/wp\/v2\/media?parent=2034"}],"wp:term":[{"taxonomy":"product_brand","embeddable":true,"href":"https:\/\/casianet.com\/servicios\/wp-json\/wp\/v2\/product_brand?post=2034"},{"taxonomy":"product_cat","embeddable":true,"href":"https:\/\/casianet.com\/servicios\/wp-json\/wp\/v2\/product_cat?post=2034"},{"taxonomy":"product_tag","embeddable":true,"href":"https:\/\/casianet.com\/servicios\/wp-json\/wp\/v2\/product_tag?post=2034"}],"curies":[{"name":"wp","href":"https:\/\/api.w.org\/{rel}","templated":true}]}}