{"id":1935,"date":"2024-05-21T21:10:51","date_gmt":"2024-05-21T21:10:51","guid":{"rendered":"https:\/\/casianet.com\/servicios\/?post_type=product&#038;p=1935"},"modified":"2025-05-22T23:09:50","modified_gmt":"2025-05-22T23:09:50","slug":"reparacion-de-placa","status":"publish","type":"product","link":"https:\/\/casianet.com\/servicios\/producto\/reparacion-de-placa\/","title":{"rendered":"Reparaci\u00f3n de Placa"},"content":{"rendered":"<p>&nbsp;<\/p>\n<ol>\n<li>El costo del diagn\u00f3stico es de Q200.00, dado que en las reparaciones electr\u00f3nicas es necesario adquirir y probar repuestos. Cabe mencionar que, una vez probados, estos repuestos no pueden ser devueltos.<\/li>\n<li>La reparaci\u00f3n de una placa implica el desensamblaje completo del equipo, lo cual puede comprometer su estado f\u00edsico original. Al realizar este proceso, pueden descubrirse condiciones internas no contempladas inicialmente durante la evaluaci\u00f3n.<\/li>\n<li>La reparaci\u00f3n de una placa no asegura el funcionamiento \u00f3ptimo de otros componentes del equipo, tales como la pantalla, la c\u00e1mara, el panel t\u00e1ctil, el teclado, los puertos USB, HDMI, VGA, entre otros.<\/li>\n<li>Tras una reparaci\u00f3n de placa, en caso de que el equipo no funcione adecuadamente, se proceder\u00e1 a su reensamblaje. No obstante, se advierte que esto no garantiza la restauraci\u00f3n de su estado f\u00edsico original, debido a las pruebas y manipulaciones realizadas durante el proceso de reparaci\u00f3n.<\/li>\n<\/ol>\n","protected":false},"excerpt":{"rendered":"<ul>\n<li>Se debe de evaluar si la reparaci\u00f3n de la placa es factible<\/li>\n<li>Precio aplica a placa electr\u00f3nica<\/li>\n<\/ul>\n","protected":false},"featured_media":1949,"template":"","meta":[],"product_brand":[],"product_cat":[17],"product_tag":[],"class_list":{"0":"post-1935","1":"product","2":"type-product","3":"status-publish","4":"has-post-thumbnail","6":"product_cat-individuales","8":"first","9":"instock","10":"taxable","11":"shipping-taxable","12":"product-type-external"},"jetpack_sharing_enabled":true,"_links":{"self":[{"href":"https:\/\/casianet.com\/servicios\/wp-json\/wp\/v2\/product\/1935","targetHints":{"allow":["GET"]}}],"collection":[{"href":"https:\/\/casianet.com\/servicios\/wp-json\/wp\/v2\/product"}],"about":[{"href":"https:\/\/casianet.com\/servicios\/wp-json\/wp\/v2\/types\/product"}],"wp:featuredmedia":[{"embeddable":true,"href":"https:\/\/casianet.com\/servicios\/wp-json\/wp\/v2\/media\/1949"}],"wp:attachment":[{"href":"https:\/\/casianet.com\/servicios\/wp-json\/wp\/v2\/media?parent=1935"}],"wp:term":[{"taxonomy":"product_brand","embeddable":true,"href":"https:\/\/casianet.com\/servicios\/wp-json\/wp\/v2\/product_brand?post=1935"},{"taxonomy":"product_cat","embeddable":true,"href":"https:\/\/casianet.com\/servicios\/wp-json\/wp\/v2\/product_cat?post=1935"},{"taxonomy":"product_tag","embeddable":true,"href":"https:\/\/casianet.com\/servicios\/wp-json\/wp\/v2\/product_tag?post=1935"}],"curies":[{"name":"wp","href":"https:\/\/api.w.org\/{rel}","templated":true}]}}