{"id":1934,"date":"2024-05-21T21:02:51","date_gmt":"2024-05-21T21:02:51","guid":{"rendered":"https:\/\/casianet.com\/servicios\/?post_type=product&#038;p=1934"},"modified":"2026-01-12T21:09:40","modified_gmt":"2026-01-12T21:09:40","slug":"reparacion-3","status":"publish","type":"product","link":"https:\/\/casianet.com\/servicios\/producto\/reparacion-3\/","title":{"rendered":"Reparaci\u00f3n"},"content":{"rendered":"","protected":false},"excerpt":{"rendered":"<p><strong>Hardware:<\/strong><\/p>\n<ul>\n<li><strong><span style=\"color: #ff0000;\">Q 275.00\u00a0<\/span><\/strong><\/li>\n<\/ul>\n<ul>\n<li>Est\u00e1tica<\/li>\n<li>Reflow<\/li>\n<li>Bisagras<\/li>\n<li>Case<\/li>\n<li>Pantalla<\/li>\n<li>Puerto USB<\/li>\n<li>Teclado<\/li>\n<\/ul>\n<p><strong>Software:<\/strong><\/p>\n<ul>\n<li><strong><span style=\"color: #ff0000;\">Q 170.00\u00a0<\/span><\/strong><\/li>\n<\/ul>\n<p>NOTA: El servicio es v\u00e1lido \u00fanicamente para trabajos espec\u00edficos.<\/p>\n","protected":false},"featured_media":1950,"template":"","meta":[],"product_brand":[],"product_cat":[17],"product_tag":[],"class_list":{"0":"post-1934","1":"product","2":"type-product","3":"status-publish","4":"has-post-thumbnail","6":"product_cat-individuales","8":"first","9":"instock","10":"product-type-external"},"jetpack_sharing_enabled":true,"_links":{"self":[{"href":"https:\/\/casianet.com\/servicios\/wp-json\/wp\/v2\/product\/1934","targetHints":{"allow":["GET"]}}],"collection":[{"href":"https:\/\/casianet.com\/servicios\/wp-json\/wp\/v2\/product"}],"about":[{"href":"https:\/\/casianet.com\/servicios\/wp-json\/wp\/v2\/types\/product"}],"wp:featuredmedia":[{"embeddable":true,"href":"https:\/\/casianet.com\/servicios\/wp-json\/wp\/v2\/media\/1950"}],"wp:attachment":[{"href":"https:\/\/casianet.com\/servicios\/wp-json\/wp\/v2\/media?parent=1934"}],"wp:term":[{"taxonomy":"product_brand","embeddable":true,"href":"https:\/\/casianet.com\/servicios\/wp-json\/wp\/v2\/product_brand?post=1934"},{"taxonomy":"product_cat","embeddable":true,"href":"https:\/\/casianet.com\/servicios\/wp-json\/wp\/v2\/product_cat?post=1934"},{"taxonomy":"product_tag","embeddable":true,"href":"https:\/\/casianet.com\/servicios\/wp-json\/wp\/v2\/product_tag?post=1934"}],"curies":[{"name":"wp","href":"https:\/\/api.w.org\/{rel}","templated":true}]}}